{"id":5215,"date":"2022-04-10T11:00:06","date_gmt":"2022-04-10T14:00:06","guid":{"rendered":"http:\/\/inbra.com.br\/?page_id=5215"},"modified":"2025-07-10T17:13:11","modified_gmt":"2025-07-10T20:13:11","slug":"fale-conosco","status":"publish","type":"page","link":"https:\/\/inbra.com.br\/en\/fale-conosco\/","title":{"rendered":"Contact Us"},"content":{"rendered":"<div data-elementor-type=\"wp-page\" data-elementor-id=\"5215\" class=\"elementor elementor-5215\">\n\t\t\t\t\t\t<section class=\"elementor-section elementor-top-section elementor-element elementor-element-0106169 animated-fast elementor-section-boxed elementor-section-height-default elementor-section-height-default elementor-invisible\" data-id=\"0106169\" data-element_type=\"section\" data-settings=\"{&quot;background_background&quot;:&quot;classic&quot;,&quot;animation&quot;:&quot;fadeInUp&quot;,&quot;animation_delay&quot;:0}\">\n\t\t\t\t\t\t<div class=\"elementor-container elementor-column-gap-default\">\n\t\t\t\t\t<div class=\"elementor-column elementor-col-100 elementor-top-column elementor-element elementor-element-a67f502\" data-id=\"a67f502\" data-element_type=\"column\">\n\t\t\t<div class=\"elementor-widget-wrap elementor-element-populated\">\n\t\t\t\t\t\t<section class=\"elementor-section elementor-inner-section elementor-element elementor-element-1020a2d animated-fast elementor-section-boxed elementor-section-height-default elementor-section-height-default elementor-invisible\" data-id=\"1020a2d\" data-element_type=\"section\" data-settings=\"{&quot;background_background&quot;:&quot;classic&quot;,&quot;animation&quot;:&quot;fadeInUp&quot;,&quot;animation_delay&quot;:2}\">\n\t\t\t\t\t\t<div class=\"elementor-container elementor-column-gap-default\">\n\t\t\t\t\t<div class=\"elementor-column elementor-col-50 elementor-inner-column elementor-element elementor-element-1cf4fcc\" data-id=\"1cf4fcc\" data-element_type=\"column\">\n\t\t\t<div class=\"elementor-widget-wrap elementor-element-populated\">\n\t\t\t\t\t\t<div class=\"elementor-element elementor-element-0ed4e75 elementor-widget elementor-widget-spacer\" data-id=\"0ed4e75\" data-element_type=\"widget\" data-widget_type=\"spacer.default\">\n\t\t\t\t<div class=\"elementor-widget-container\">\n\t\t\t\t\t<div class=\"elementor-spacer\">\n\t\t\t<div class=\"elementor-spacer-inner\"><\/div>\n\t\t<\/div>\n\t\t\t\t<\/div>\n\t\t\t\t<\/div>\n\t\t\t\t<div class=\"elementor-element elementor-element-7901de1 align-left elementor-widget elementor-widget-mae-headings\" data-id=\"7901de1\" data-element_type=\"widget\" data-widget_type=\"mae-headings.default\">\n\t\t\t\t<div class=\"elementor-widget-container\">\n\t\t\t\t\t<div class=\"master-heading\">\n\t        \n\t        \t        <h2 class=\"main-heading\">Get in touch<\/h2>\n\t        \n\t        \n\t        \t            <div class=\"sub-heading\">Interested in learning more about our product line? <br><br>\n\nTalk to one of our expert representatives and find out what we can do for your business.<\/div>\n\t        \t    <\/div>\n\t    \t\t<\/div>\n\t\t\t\t<\/div>\n\t\t\t\t\t<\/div>\n\t\t<\/div>\n\t\t\t\t<div class=\"elementor-column elementor-col-50 elementor-inner-column elementor-element elementor-element-b065ba8\" data-id=\"b065ba8\" data-element_type=\"column\">\n\t\t\t<div class=\"elementor-widget-wrap elementor-element-populated\">\n\t\t\t\t\t\t<div class=\"elementor-element elementor-element-8b18705 elementor-widget elementor-widget-shortcode\" data-id=\"8b18705\" data-element_type=\"widget\" data-widget_type=\"shortcode.default\">\n\t\t\t\t<div class=\"elementor-widget-container\">\n\t\t\t\t\t<div class=\"elementor-shortcode\"> \n<div class=\"wpcf7 no-js\" id=\"wpcf7-f6002-o1\" lang=\"en-US\" dir=\"ltr\" data-wpcf7-id=\"6002\">\n<div class=\"screen-reader-response\"><p role=\"status\" aria-live=\"polite\" aria-atomic=\"true\"><\/p> <ul><\/ul><\/div>\n<form action=\"\/en\/wp-json\/wp\/v2\/pages\/5215#wpcf7-f6002-o1\" method=\"post\" class=\"wpcf7-form init\" aria-label=\"Contact form\" novalidate=\"novalidate\" data-status=\"init\" data-trp-original-action=\"\/en\/wp-json\/wp\/v2\/pages\/5215#wpcf7-f6002-o1\">\n<div style=\"display: none;\">\n<input type=\"hidden\" name=\"_wpcf7\" value=\"6002\" \/>\n<input type=\"hidden\" name=\"_wpcf7_version\" value=\"6.0.6\" \/>\n<input type=\"hidden\" name=\"_wpcf7_locale\" value=\"en_US\" \/>\n<input type=\"hidden\" name=\"_wpcf7_unit_tag\" value=\"wpcf7-f6002-o1\" \/>\n<input type=\"hidden\" name=\"_wpcf7_container_post\" value=\"0\" \/>\n<input type=\"hidden\" name=\"_wpcf7_posted_data_hash\" value=\"\" \/>\n<\/div>\n<p><span class=\"wpcf7-form-control-wrap\" data-name=\"your-name\"><input size=\"40\" maxlength=\"400\" class=\"wpcf7-form-control wpcf7-text wpcf7-validates-as-required\" aria-required=\"true\" aria-invalid=\"false\" placeholder=\"Name\" value=\"\" type=\"text\" name=\"your-name\" \/><\/span>\n<\/p>\n<p><span class=\"wpcf7-form-control-wrap\" data-name=\"your-company\"><input size=\"40\" maxlength=\"400\" class=\"wpcf7-form-control wpcf7-text wpcf7-validates-as-required\" aria-required=\"true\" aria-invalid=\"false\" placeholder=\"Company\" value=\"\" type=\"text\" name=\"your-company\" \/><\/span>\n<\/p>\n<p><span class=\"wpcf7-form-control-wrap\" data-name=\"your-email\"><input size=\"40\" maxlength=\"400\" class=\"wpcf7-form-control wpcf7-email wpcf7-validates-as-required wpcf7-text wpcf7-validates-as-email\" aria-required=\"true\" aria-invalid=\"false\" placeholder=\"E-mail\" value=\"\" type=\"email\" name=\"your-email\" \/><\/span>\n<\/p>\n<p><span class=\"wpcf7-form-control-wrap\" data-name=\"your-phone\"><input size=\"40\" maxlength=\"400\" class=\"wpcf7-form-control wpcf7-text wpcf7-validates-as-required\" aria-required=\"true\" aria-invalid=\"false\" placeholder=\"Phone\" value=\"\" type=\"text\" name=\"your-phone\" \/><\/span>\n<\/p>\n<p><span class=\"wpcf7-form-control-wrap\" data-name=\"your-message\"><textarea cols=\"40\" rows=\"10\" maxlength=\"2000\" class=\"wpcf7-form-control wpcf7-textarea wpcf7-validates-as-required\" aria-required=\"true\" aria-invalid=\"false\" placeholder=\"Message\" name=\"your-message\"><\/textarea><\/span>\n<\/p>\n<p><button class=\"wpcf7-submit\">Send<\/button>\n<\/p><div class=\"wpcf7-response-output\" aria-hidden=\"true\"><\/div>\n<input type=\"hidden\" name=\"trp-form-language\" value=\"en\"\/><\/form>\n<\/div>\n\n<\/div>\n\t\t\t\t<\/div>\n\t\t\t\t<\/div>\n\t\t\t\t<div class=\"elementor-element elementor-element-8b50bcb elementor-widget elementor-widget-spacer\" data-id=\"8b50bcb\" data-element_type=\"widget\" data-widget_type=\"spacer.default\">\n\t\t\t\t<div class=\"elementor-widget-container\">\n\t\t\t\t\t<div class=\"elementor-spacer\">\n\t\t\t<div class=\"elementor-spacer-inner\"><\/div>\n\t\t<\/div>\n\t\t\t\t<\/div>\n\t\t\t\t<\/div>\n\t\t\t\t\t<\/div>\n\t\t<\/div>\n\t\t\t\t\t<\/div>\n\t\t<\/section>\n\t\t\t\t\t<\/div>\n\t\t<\/div>\n\t\t\t\t\t<\/div>\n\t\t<\/section>\n\t\t\t\t<section class=\"elementor-section elementor-inner-section elementor-element elementor-element-70f625bc elementor-section-boxed elementor-section-height-default elementor-section-height-default\" data-id=\"70f625bc\" data-element_type=\"section\" data-settings=\"{&quot;background_background&quot;:&quot;classic&quot;}\">\n\t\t\t\t\t\t<div class=\"elementor-container elementor-column-gap-default\">\n\t\t\t\t\t<div class=\"elementor-column elementor-col-100 elementor-inner-column elementor-element elementor-element-47d315c2\" data-id=\"47d315c2\" data-element_type=\"column\">\n\t\t\t<div class=\"elementor-widget-wrap elementor-element-populated\">\n\t\t\t\t\t\t<div class=\"elementor-element elementor-element-6423ad5 align--tabletcenter align--mobilecenter align-center elementor-widget elementor-widget-mae-button\" data-id=\"6423ad5\" data-element_type=\"widget\" data-widget_type=\"mae-button.default\">\n\t\t\t\t<div class=\"elementor-widget-container\">\n\t\t\t\n        <a class=\"master-button btn-dark icon-left medium\" href=\"https:\/\/trabalheconosco.vagas.com.br\/inbra\" target=\"&quot;_blank&quot;\" rel=\"&quot;nofollow&quot;\" >\n            <span class=\"icon far fa-check-circle\"><\/span>            <span>Work with US<\/span>\n                    <\/a>\n\n        \t\t<\/div>\n\t\t\t\t<\/div>\n\t\t\t\t\t<\/div>\n\t\t<\/div>\n\t\t\t\t\t<\/div>\n\t\t<\/section>\n\t\t\t\t<section class=\"elementor-section elementor-top-section elementor-element elementor-element-e65de5f elementor-section-boxed elementor-section-height-default elementor-section-height-default\" data-id=\"e65de5f\" data-element_type=\"section\" data-settings=\"{&quot;background_background&quot;:&quot;classic&quot;}\">\n\t\t\t\t\t\t<div class=\"elementor-container elementor-column-gap-default\">\n\t\t\t\t\t<div class=\"elementor-column elementor-col-100 elementor-top-column elementor-element elementor-element-ce6e50e\" data-id=\"ce6e50e\" data-element_type=\"column\">\n\t\t\t<div class=\"elementor-widget-wrap elementor-element-populated\">\n\t\t\t\t\t\t<div class=\"elementor-element elementor-element-236c2d6 align--tabletcenter align-left elementor-widget elementor-widget-mae-headings\" data-id=\"236c2d6\" data-element_type=\"widget\" data-widget_type=\"mae-headings.default\">\n\t\t\t\t<div class=\"elementor-widget-container\">\n\t\t\t\t\t<div class=\"master-heading\">\n\t        \t            <div class=\"pre-heading\">Processing of Personal Data<\/div>\n\t        \n\t        \t        <h2 class=\"main-heading\">If, after reading our Privacy Policy, you have any questions, comments or suggestions that you would like to share with us regarding our privacy practices and personal data protection, or if you wish to exercise any of your rights regarding the processing of personal data, please contact our Personal Data Processing Officer.<\/h2>\n\t        \n\t        \n\t        \t            <div class=\"sub-heading\">Cristiane de Magalh\u00e3es Salles - <a href=\"mailto:lgpd@inbra.com.br\">lgpd@inbra.com.br<\/a><\/div>\n\t        \t    <\/div>\n\t    \t\t<\/div>\n\t\t\t\t<\/div>\n\t\t\t\t<div class=\"elementor-element elementor-element-f3adb98 align-right align--tabletcenter align--mobilecenter elementor-widget elementor-widget-mae-button\" data-id=\"f3adb98\" data-element_type=\"widget\" data-widget_type=\"mae-button.default\">\n\t\t\t\t<div class=\"elementor-widget-container\">\n\t\t\t\n        <a class=\"master-button btn-accent icon-right small\" href=\"https:\/\/inbra.com.br\/en\/politica-de-privacidade\/\" >\n                        <span>Discover our Privacy Policy<\/span>\n            <span class=\"icon fa fa-arrow-right\"><\/span>        <\/a>\n\n        \t\t<\/div>\n\t\t\t\t<\/div>\n\t\t\t\t\t<\/div>\n\t\t<\/div>\n\t\t\t\t\t<\/div>\n\t\t<\/section>\n\t\t\t\t<section class=\"elementor-section elementor-top-section elementor-element elementor-element-5e20450 elementor-section-content-middle elementor-section-boxed elementor-section-height-default elementor-section-height-default\" data-id=\"5e20450\" data-element_type=\"section\">\n\t\t\t\t\t\t<div class=\"elementor-container elementor-column-gap-extended\">\n\t\t\t\t\t<div class=\"elementor-column elementor-col-50 elementor-top-column elementor-element elementor-element-b2fed26\" data-id=\"b2fed26\" data-element_type=\"column\">\n\t\t\t<div class=\"elementor-widget-wrap elementor-element-populated\">\n\t\t\t\t\t\t<div class=\"elementor-element elementor-element-4801714 elementor-widget elementor-widget-spacer\" data-id=\"4801714\" data-element_type=\"widget\" data-widget_type=\"spacer.default\">\n\t\t\t\t<div class=\"elementor-widget-container\">\n\t\t\t\t\t<div class=\"elementor-spacer\">\n\t\t\t<div class=\"elementor-spacer-inner\"><\/div>\n\t\t<\/div>\n\t\t\t\t<\/div>\n\t\t\t\t<\/div>\n\t\t\t\t<div class=\"elementor-element elementor-element-c52e927 align-left elementor-widget elementor-widget-mae-headings\" data-id=\"c52e927\" data-element_type=\"widget\" data-widget_type=\"mae-headings.default\">\n\t\t\t\t<div class=\"elementor-widget-container\">\n\t\t\t\t\t<div class=\"master-heading\">\n\t        \n\t        \t        <h2 class=\"main-heading\">Our Units<\/h2>\n\t        \n\t        \n\t        \t    <\/div>\n\t    \t\t<\/div>\n\t\t\t\t<\/div>\n\t\t\t\t<div class=\"elementor-element elementor-element-f885d94 elementor-widget elementor-widget-spacer\" data-id=\"f885d94\" data-element_type=\"widget\" data-widget_type=\"spacer.default\">\n\t\t\t\t<div class=\"elementor-widget-container\">\n\t\t\t\t\t<div class=\"elementor-spacer\">\n\t\t\t<div class=\"elementor-spacer-inner\"><\/div>\n\t\t<\/div>\n\t\t\t\t<\/div>\n\t\t\t\t<\/div>\n\t\t\t\t<div class=\"elementor-element elementor-element-580e0fa arrow-left elementor-widget elementor-widget-mae-accordions\" data-id=\"580e0fa\" data-element_type=\"widget\" data-widget_type=\"mae-accordions.default\">\n\t\t\t\t<div class=\"elementor-widget-container\">\n\t\t\t\n\t\t<div class=\"master-accordions\">\n\t\t\t\t\t\t\t\t\t\t\t<div class=\"item elementor-repeater-item-6f78804 active\">\n\t\t\t\t\t<div class=\"title clearfix\">\n\t\t\t\t\t\t\t\t\t\t\t\t\t<div class=\"arrow\">\n\t\t\t\t\t\t\t\t<i aria-hidden=\"true\" class=\"fa fa-chevron-right\"><\/i>\t\t\t\t\t\t\t<\/div>\n\t\t\t\t\t\t\n\t\t\t\t\t\t<h3>Headquarters<\/h3>\n\t\t\t\t\t<\/div>\n\n\t\t\t\t\t<div class=\"content\">\n\t\t\t\t\t\tAv. Fagundes de Oliveira, 190 <br> Diadema - SP - Brasil <br> CEP 09950-907\n<br>\nPhone: <a href=\"tel:+551140619000\">(11) 4061-9000<\/a>\t\t\t\t\t<\/div>\n\t\t\t\t<\/div>\n\t\t\t\t\t\t\t\t\t\t\t<div class=\"item elementor-repeater-item-f9e6943\">\n\t\t\t\t\t<div class=\"title clearfix\">\n\t\t\t\t\t\t\t\t\t\t\t\t\t<div class=\"arrow\">\n\t\t\t\t\t\t\t\t<i aria-hidden=\"true\" class=\"fa fa-chevron-right\"><\/i>\t\t\t\t\t\t\t<\/div>\n\t\t\t\t\t\t\n\t\t\t\t\t\t<h3>Elias Fausto Unit<\/h3>\n\t\t\t\t\t<\/div>\n\n\t\t\t\t\t<div class=\"content\">\n\t\t\t\t\t\t<p>Rod. Antonio Rossi, Km 8, S\/N - Bairro Rio S\u00edtio Acima 0 Elias Fausto - SP Brasil - CEP 13350-000<\/p>\t\t\t\t\t<\/div>\n\t\t\t\t<\/div>\n\t\t\t\t\t\t\t\t\t\t\t<div class=\"item elementor-repeater-item-0b206ef\">\n\t\t\t\t\t<div class=\"title clearfix\">\n\t\t\t\t\t\t\t\t\t\t\t\t\t<div class=\"arrow\">\n\t\t\t\t\t\t\t\t<i aria-hidden=\"true\" class=\"fa fa-chevron-right\"><\/i>\t\t\t\t\t\t\t<\/div>\n\t\t\t\t\t\t\n\t\t\t\t\t\t<h3>Orangeburg Unit (USA)<\/h3>\n\t\t\t\t\t<\/div>\n\n\t\t\t\t\t<div class=\"content\">\n\t\t\t\t\t\t<p>139 Gulbrandsen Road, Orangeburg, SC - 29115 - EUA<\/p><p>Phone: 803 878-3154<\/p>\t\t\t\t\t<\/div>\n\t\t\t\t<\/div>\n\t\t\t\t    <\/div>\n\n\t    \t\t<\/div>\n\t\t\t\t<\/div>\n\t\t\t\t\t<\/div>\n\t\t<\/div>\n\t\t\t\t<div class=\"elementor-column elementor-col-50 elementor-top-column elementor-element elementor-element-ba9c604\" data-id=\"ba9c604\" data-element_type=\"column\">\n\t\t\t<div class=\"elementor-widget-wrap elementor-element-populated\">\n\t\t\t\t\t\t<div class=\"elementor-element elementor-element-b945801 elementor-widget elementor-widget-spacer\" data-id=\"b945801\" data-element_type=\"widget\" data-widget_type=\"spacer.default\">\n\t\t\t\t<div class=\"elementor-widget-container\">\n\t\t\t\t\t<div class=\"elementor-spacer\">\n\t\t\t<div class=\"elementor-spacer-inner\"><\/div>\n\t\t<\/div>\n\t\t\t\t<\/div>\n\t\t\t\t<\/div>\n\t\t\t\t<div class=\"elementor-element elementor-element-667b6b0 elementor-widget elementor-widget-mae-parallax-image\" data-id=\"667b6b0\" data-element_type=\"widget\" data-widget_type=\"mae-parallax-image.default\">\n\t\t\t\t<div class=\"elementor-widget-container\">\n\t\t\t<div class=\"master-parallax-box\">\n    <div class=\"parallax-wrap\">\n                <div class=\"master-parallax-item elementor-repeater-item-905c607\" style=\"\" data-parallax='{\"x\" : -50, \"y\" : -50, \"smoothness\" : 30}' data-top=\"-60px\" data-top-tablet=\"\" data-top-mobile=\"\"><img decoding=\"async\" src=\"https:\/\/inbra.com.br\/wp-content\/uploads\/2022\/03\/home-parallax3.jpg\" alt=\"\"><\/div>                <div class=\"master-parallax-item elementor-repeater-item-485d050\" style=\"\" data-parallax='{\"x\" : 0, \"y\" : -50, \"smoothness\" : 30}' data-top=\"14px\" data-top-tablet=\"\" data-top-mobile=\"\"><img decoding=\"async\" src=\"https:\/\/inbra.com.br\/wp-content\/uploads\/2022\/04\/home-parallax4.png\" alt=\"\"><\/div>                <div class=\"master-parallax-item elementor-repeater-item-0e98b6f\" style=\"\" data-parallax='{\"x\" : 0, \"y\" : 50, \"smoothness\" : 30}' data-top=\"158px\" data-top-tablet=\"\" data-top-mobile=\"\"><img decoding=\"async\" src=\"https:\/\/inbra.com.br\/wp-content\/uploads\/2025\/07\/inbra-1.png\" alt=\"\"><\/div>            <\/div>\n<\/div>\n\t\t<\/div>\n\t\t\t\t<\/div>\n\t\t\t\t\t<\/div>\n\t\t<\/div>\n\t\t\t\t\t<\/div>\n\t\t<\/section>\n\t\t\t\t<section class=\"elementor-section elementor-top-section elementor-element elementor-element-3206d18 elementor-section-boxed elementor-section-height-default elementor-section-height-default\" data-id=\"3206d18\" data-element_type=\"section\">\n\t\t\t\t\t\t<div class=\"elementor-container elementor-column-gap-default\">\n\t\t\t\t\t<div class=\"elementor-column elementor-col-100 elementor-top-column elementor-element elementor-element-4735ecf\" data-id=\"4735ecf\" data-element_type=\"column\">\n\t\t\t<div class=\"elementor-widget-wrap elementor-element-populated\">\n\t\t\t\t\t\t<div class=\"elementor-element elementor-element-54905be elementor-widget elementor-widget-spacer\" data-id=\"54905be\" data-element_type=\"widget\" data-widget_type=\"spacer.default\">\n\t\t\t\t<div class=\"elementor-widget-container\">\n\t\t\t\t\t<div class=\"elementor-spacer\">\n\t\t\t<div class=\"elementor-spacer-inner\"><\/div>\n\t\t<\/div>\n\t\t\t\t<\/div>\n\t\t\t\t<\/div>\n\t\t\t\t\t<\/div>\n\t\t<\/div>\n\t\t\t\t\t<\/div>\n\t\t<\/section>\n\t\t\t\t<\/div>","protected":false},"excerpt":{"rendered":"<p>Entre em Contato Interessado em saber mais sobre nossa linha de produtos? Fale com um de nossos representantes especialistas e descubra o que podemos fazer pelo seu neg\u00f3cio. Trabalhe Conosco Tratamento de Dados Pessoais Caso, ap\u00f3s a leitura de nossa Pol\u00edtica de Privacidade, voc\u00ea tenha qualquer d\u00favida, coment\u00e1rio ou sugest\u00e3o<\/p>","protected":false},"author":76,"featured_media":5298,"parent":0,"menu_order":0,"comment_status":"closed","ping_status":"closed","template":"","meta":{"footnotes":""},"class_list":["post-5215","page","type-page","status-publish","has-post-thumbnail","hentry"],"acf":[],"_links":{"self":[{"href":"https:\/\/inbra.com.br\/en\/wp-json\/wp\/v2\/pages\/5215","targetHints":{"allow":["GET"]}}],"collection":[{"href":"https:\/\/inbra.com.br\/en\/wp-json\/wp\/v2\/pages"}],"about":[{"href":"https:\/\/inbra.com.br\/en\/wp-json\/wp\/v2\/types\/page"}],"author":[{"embeddable":true,"href":"https:\/\/inbra.com.br\/en\/wp-json\/wp\/v2\/users\/76"}],"replies":[{"embeddable":true,"href":"https:\/\/inbra.com.br\/en\/wp-json\/wp\/v2\/comments?post=5215"}],"version-history":[{"count":0,"href":"https:\/\/inbra.com.br\/en\/wp-json\/wp\/v2\/pages\/5215\/revisions"}],"wp:featuredmedia":[{"embeddable":true,"href":"https:\/\/inbra.com.br\/en\/wp-json\/wp\/v2\/media\/5298"}],"wp:attachment":[{"href":"https:\/\/inbra.com.br\/en\/wp-json\/wp\/v2\/media?parent=5215"}],"curies":[{"name":"wp","href":"https:\/\/api.w.org\/{rel}","templated":true}]}}