{"id":5865,"date":"2022-06-16T00:53:14","date_gmt":"2022-06-16T03:53:14","guid":{"rendered":"http:\/\/inbra.com.br\/?page_id=5865"},"modified":"2022-08-11T20:18:56","modified_gmt":"2022-08-11T23:18:56","slug":"cadeia-do-pvc","status":"publish","type":"page","link":"https:\/\/inbra.com.br\/en\/cadeia-do-pvc\/","title":{"rendered":"PVC chain"},"content":{"rendered":"<div data-elementor-type=\"wp-page\" data-elementor-id=\"5865\" class=\"elementor elementor-5865\">\n\t\t\t\t\t\t<section class=\"elementor-section elementor-top-section elementor-element elementor-element-39c8c7c9 elementor-section-boxed elementor-section-height-default elementor-section-height-default\" data-id=\"39c8c7c9\" data-element_type=\"section\" data-settings=\"{&quot;background_background&quot;:&quot;classic&quot;}\">\n\t\t\t\t\t\t<div class=\"elementor-container elementor-column-gap-no\">\n\t\t\t\t\t<div class=\"elementor-column elementor-col-100 elementor-top-column elementor-element elementor-element-5e1d6200\" data-id=\"5e1d6200\" data-element_type=\"column\">\n\t\t\t<div class=\"elementor-widget-wrap elementor-element-populated\">\n\t\t\t\t\t\t<div class=\"elementor-element elementor-element-765a6c8b elementor-widget elementor-widget-spacer\" data-id=\"765a6c8b\" data-element_type=\"widget\" data-widget_type=\"spacer.default\">\n\t\t\t\t<div class=\"elementor-widget-container\">\n\t\t\t\t\t<div class=\"elementor-spacer\">\n\t\t\t<div class=\"elementor-spacer-inner\"><\/div>\n\t\t<\/div>\n\t\t\t\t<\/div>\n\t\t\t\t<\/div>\n\t\t\t\t<section class=\"elementor-section elementor-inner-section elementor-element elementor-element-765f9613 elementor-section-content-middle elementor-section-boxed elementor-section-height-default elementor-section-height-default\" data-id=\"765f9613\" data-element_type=\"section\">\n\t\t\t\t\t\t<div class=\"elementor-container elementor-column-gap-extended\">\n\t\t\t\t\t<div class=\"elementor-column elementor-col-50 elementor-inner-column elementor-element elementor-element-dc3e342\" data-id=\"dc3e342\" data-element_type=\"column\">\n\t\t\t<div class=\"elementor-widget-wrap elementor-element-populated\">\n\t\t\t\t\t\t<div class=\"elementor-element elementor-element-90e0eda align-right align--tabletleft elementor-widget elementor-widget-mae-headings\" data-id=\"90e0eda\" data-element_type=\"widget\" data-widget_type=\"mae-headings.default\">\n\t\t\t\t<div class=\"elementor-widget-container\">\n\t\t\t\t\t<div class=\"master-heading\">\n\t        \n\t        \t        <h2 class=\"main-heading\">PVC chain<\/h2>\n\t        \n\t        \t        <div class=\"divider\"><\/div>\n\t        \n\t        \t            <div class=\"sub-heading\">O <b>Policloreto de Vinila<\/b>, mais conhecido como <b>PVC<\/b>, \u00e9 um dos materiais pl\u00e1sticos mais utilizados no mundo por diferentes setores da ind\u00fastria, influenciando diretamente a nossa qualidade de vida e contribuindo para um futuro mais sustent\u00e1vel.\n<br><br>\nEntre as principais propriedades do PVC, destacam-se sua excelente durabilidade, alta resist\u00eancia \u00e0 deteriora\u00e7\u00e3o por agentes qu\u00edmicos ou f\u00edsicos, impermeabilidade e a n\u00e3o propaga\u00e7\u00e3o de chamas \u2013 o que o torna um <b>material muito seguro<\/b>, al\u00e9m de ser <b>100% recicl\u00e1vel<\/b>. <\/div>\n\t        \t    <\/div>\n\t    \t\t<\/div>\n\t\t\t\t<\/div>\n\t\t\t\t\t<\/div>\n\t\t<\/div>\n\t\t\t\t<div class=\"elementor-column elementor-col-50 elementor-inner-column elementor-element elementor-element-3ee14d88\" data-id=\"3ee14d88\" data-element_type=\"column\">\n\t\t\t<div class=\"elementor-widget-wrap elementor-element-populated\">\n\t\t\t\t\t\t<div class=\"elementor-element elementor-element-3575b496 align-center elementor-widget elementor-widget-mae-fancy-image\" data-id=\"3575b496\" data-element_type=\"widget\" data-widget_type=\"mae-fancy-image.default\">\n\t\t\t\t<div class=\"elementor-widget-container\">\n\t\t\t\n\t\t\t<div class=\"master-fancy-image reveal lr\" data-in-viewport=\"true\">\n\t\t\t\t<figure>\n\t\t\t\t\t<img fetchpriority=\"high\" decoding=\"async\" width=\"1000\" height=\"925\" src=\"https:\/\/inbra.com.br\/wp-content\/uploads\/2022\/06\/PVC-STABILIZERS.jpg\" class=\"attachment-full size-full wp-image-5706\" alt=\"\" srcset=\"https:\/\/inbra.com.br\/wp-content\/uploads\/2022\/06\/PVC-STABILIZERS.jpg 1000w, https:\/\/inbra.com.br\/wp-content\/uploads\/2022\/06\/PVC-STABILIZERS-300x278.jpg 300w, https:\/\/inbra.com.br\/wp-content\/uploads\/2022\/06\/PVC-STABILIZERS-768x710.jpg 768w\" sizes=\"(max-width: 1000px) 100vw, 1000px\" \/>\t\t\t\t<\/figure>\n\n\t\t        \t\t\t<\/div>\n\n\t\t\t\t<\/div>\n\t\t\t\t<\/div>\n\t\t\t\t\t<\/div>\n\t\t<\/div>\n\t\t\t\t\t<\/div>\n\t\t<\/section>\n\t\t\t\t<div class=\"elementor-element elementor-element-140e5653 elementor-widget elementor-widget-spacer\" data-id=\"140e5653\" data-element_type=\"widget\" data-widget_type=\"spacer.default\">\n\t\t\t\t<div class=\"elementor-widget-container\">\n\t\t\t\t\t<div class=\"elementor-spacer\">\n\t\t\t<div class=\"elementor-spacer-inner\"><\/div>\n\t\t<\/div>\n\t\t\t\t<\/div>\n\t\t\t\t<\/div>\n\t\t\t\t<section class=\"elementor-section elementor-inner-section elementor-element elementor-element-32f6b15 elementor-section-content-middle elementor-section-boxed elementor-section-height-default elementor-section-height-default\" data-id=\"32f6b15\" data-element_type=\"section\">\n\t\t\t\t\t\t<div class=\"elementor-container elementor-column-gap-extended\">\n\t\t\t\t\t<div class=\"elementor-column elementor-col-50 elementor-inner-column elementor-element elementor-element-9072429 elementor-hidden-tablet elementor-hidden-mobile\" data-id=\"9072429\" data-element_type=\"column\">\n\t\t\t<div class=\"elementor-widget-wrap elementor-element-populated\">\n\t\t\t\t\t\t<div class=\"elementor-element elementor-element-410c2c8 elementor-widget elementor-widget-mae-fancy-image\" data-id=\"410c2c8\" data-element_type=\"widget\" data-widget_type=\"mae-fancy-image.default\">\n\t\t\t\t<div class=\"elementor-widget-container\">\n\t\t\t\n\t\t\t<div class=\"master-fancy-image reveal lr\" data-in-viewport=\"true\">\n\t\t\t\t<figure>\n\t\t\t\t\t<img decoding=\"async\" width=\"1708\" height=\"1706\" src=\"https:\/\/inbra.com.br\/wp-content\/uploads\/2022\/06\/polyethylene-texture-2021-08-26-15-34-35-utc-scaled-e1655492302646.jpg\" class=\"attachment-full size-full wp-image-5752\" alt=\"\" srcset=\"https:\/\/inbra.com.br\/wp-content\/uploads\/2022\/06\/polyethylene-texture-2021-08-26-15-34-35-utc-scaled-e1655492302646.jpg 1708w, https:\/\/inbra.com.br\/wp-content\/uploads\/2022\/06\/polyethylene-texture-2021-08-26-15-34-35-utc-scaled-e1655492302646-300x300.jpg 300w, https:\/\/inbra.com.br\/wp-content\/uploads\/2022\/06\/polyethylene-texture-2021-08-26-15-34-35-utc-scaled-e1655492302646-1024x1024.jpg 1024w, https:\/\/inbra.com.br\/wp-content\/uploads\/2022\/06\/polyethylene-texture-2021-08-26-15-34-35-utc-scaled-e1655492302646-150x150.jpg 150w, https:\/\/inbra.com.br\/wp-content\/uploads\/2022\/06\/polyethylene-texture-2021-08-26-15-34-35-utc-scaled-e1655492302646-768x767.jpg 768w, https:\/\/inbra.com.br\/wp-content\/uploads\/2022\/06\/polyethylene-texture-2021-08-26-15-34-35-utc-scaled-e1655492302646-1536x1534.jpg 1536w, https:\/\/inbra.com.br\/wp-content\/uploads\/2022\/06\/polyethylene-texture-2021-08-26-15-34-35-utc-scaled-e1655492302646-170x170.jpg 170w\" sizes=\"(max-width: 1708px) 100vw, 1708px\" \/>\t\t\t\t<\/figure>\n\n\t\t        \t\t\t<\/div>\n\n\t\t\t\t<\/div>\n\t\t\t\t<\/div>\n\t\t\t\t\t<\/div>\n\t\t<\/div>\n\t\t\t\t<div class=\"elementor-column elementor-col-50 elementor-inner-column elementor-element elementor-element-4be1a47\" data-id=\"4be1a47\" data-element_type=\"column\">\n\t\t\t<div class=\"elementor-widget-wrap elementor-element-populated\">\n\t\t\t\t\t\t<div class=\"elementor-element elementor-element-92781dd align--tabletleft align-left elementor-widget elementor-widget-mae-headings\" data-id=\"92781dd\" data-element_type=\"widget\" data-widget_type=\"mae-headings.default\">\n\t\t\t\t<div class=\"elementor-widget-container\">\n\t\t\t\t\t<div class=\"master-heading\">\n\t        \n\t        \t        <h2 class=\"main-heading\">Para que serve o PVC?<\/h2>\n\t        \n\t        \t        <div class=\"divider\"><\/div>\n\t        \n\t        \t            <div class=\"sub-heading\">Uma das aplica\u00e7\u00f5es mais conhecidas do PVC se d\u00e1 na constru\u00e7\u00e3o civil. O material \u00e9 utilizado na fabrica\u00e7\u00e3o de tubos, fios, janelas, forros, laminados, pinturas, pisos, ralos, e caixas sifonadas. Mas em nossas casas, tamb\u00e9m podemos encontr\u00e1-lo em m\u00f3veis e objetos de decora\u00e7\u00e3o como arm\u00e1rios, cadeiras, tapetes, lumin\u00e1rias, cortinas e muito mais.\n<br><br>\nO material tamb\u00e9m \u00e9 fundamental para a ind\u00fastria t\u00eaxtil, na fabrica\u00e7\u00e3o de laminados e aplica\u00e7\u00e3o de estampas, na produ\u00e7\u00e3o de brinquedos e artigos esportivos, na manufatura de embalagens, selantes e etiquetas e at\u00e9 mesmo em m\u00e1quinas industriais, entre outros.<\/div>\n\t        \t    <\/div>\n\t    \t\t<\/div>\n\t\t\t\t<\/div>\n\t\t\t\t\t<\/div>\n\t\t<\/div>\n\t\t\t\t\t<\/div>\n\t\t<\/section>\n\t\t\t\t<section class=\"elementor-section elementor-inner-section elementor-element elementor-element-d32090a elementor-section-content-middle elementor-section-boxed elementor-section-height-default elementor-section-height-default\" data-id=\"d32090a\" data-element_type=\"section\">\n\t\t\t\t\t\t<div class=\"elementor-container elementor-column-gap-extended\">\n\t\t\t\t\t<div class=\"elementor-column elementor-col-100 elementor-inner-column elementor-element elementor-element-23e560b\" data-id=\"23e560b\" data-element_type=\"column\">\n\t\t\t<div class=\"elementor-widget-wrap elementor-element-populated\">\n\t\t\t\t\t\t<div class=\"elementor-element elementor-element-da7046c align-left elementor-widget elementor-widget-mae-headings\" data-id=\"da7046c\" data-element_type=\"widget\" data-widget_type=\"mae-headings.default\">\n\t\t\t\t<div class=\"elementor-widget-container\">\n\t\t\t\t\t<div class=\"master-heading\">\n\t        \n\t        \n\t        \n\t        \t            <div class=\"sub-heading\">\nA \u00e1rea m\u00e9dica \u00e9 outro setor essencial que se beneficia do uso desta resina t\u00e3o vers\u00e1til. Neste setor, o PVC \u00e9 utilizado na produ\u00e7\u00e3o de mangueiras, tubos, bolsas e outros materiais cir\u00fargicos e hospitalares. J\u00e1 na ind\u00fastria automotiva, o pol\u00edmero serve como insumo base e est\u00e1 presente em muitos dos acess\u00f3rios de um ve\u00edculo. <\/div>\n\t        \t    <\/div>\n\t    \t\t<\/div>\n\t\t\t\t<\/div>\n\t\t\t\t\t<\/div>\n\t\t<\/div>\n\t\t\t\t\t<\/div>\n\t\t<\/section>\n\t\t\t\t<div class=\"elementor-element elementor-element-0978d6b elementor-widget elementor-widget-spacer\" data-id=\"0978d6b\" data-element_type=\"widget\" data-widget_type=\"spacer.default\">\n\t\t\t\t<div class=\"elementor-widget-container\">\n\t\t\t\t\t<div class=\"elementor-spacer\">\n\t\t\t<div class=\"elementor-spacer-inner\"><\/div>\n\t\t<\/div>\n\t\t\t\t<\/div>\n\t\t\t\t<\/div>\n\t\t\t\t\t<\/div>\n\t\t<\/div>\n\t\t\t\t\t<\/div>\n\t\t<\/section>\n\t\t\t\t<section class=\"elementor-section elementor-top-section elementor-element elementor-element-f2d4c01 elementor-section-full_width elementor-section-height-default elementor-section-height-default\" data-id=\"f2d4c01\" data-element_type=\"section\" data-settings=\"{&quot;background_background&quot;:&quot;classic&quot;}\">\n\t\t\t\t\t\t<div class=\"elementor-container elementor-column-gap-no\">\n\t\t\t\t\t<div class=\"elementor-column elementor-col-100 elementor-top-column elementor-element elementor-element-2fb6d7f\" data-id=\"2fb6d7f\" data-element_type=\"column\">\n\t\t\t<div class=\"elementor-widget-wrap elementor-element-populated\">\n\t\t\t\t\t\t<section class=\"elementor-section elementor-inner-section elementor-element elementor-element-6874ce5 elementor-section-content-middle elementor-section-boxed elementor-section-height-default elementor-section-height-default\" data-id=\"6874ce5\" data-element_type=\"section\" data-settings=\"{&quot;background_background&quot;:&quot;classic&quot;}\">\n\t\t\t\t\t\t<div class=\"elementor-container elementor-column-gap-extended\">\n\t\t\t\t\t<div class=\"elementor-column elementor-col-100 elementor-inner-column elementor-element elementor-element-10d0254\" data-id=\"10d0254\" data-element_type=\"column\">\n\t\t\t<div class=\"elementor-widget-wrap elementor-element-populated\">\n\t\t\t\t\t\t<div class=\"elementor-element elementor-element-7904bb0 elementor-widget elementor-widget-spacer\" data-id=\"7904bb0\" data-element_type=\"widget\" data-widget_type=\"spacer.default\">\n\t\t\t\t<div class=\"elementor-widget-container\">\n\t\t\t\t\t<div class=\"elementor-spacer\">\n\t\t\t<div class=\"elementor-spacer-inner\"><\/div>\n\t\t<\/div>\n\t\t\t\t<\/div>\n\t\t\t\t<\/div>\n\t\t\t\t<div class=\"elementor-element elementor-element-4c3b846 align-left elementor-widget elementor-widget-mae-headings\" data-id=\"4c3b846\" data-element_type=\"widget\" data-widget_type=\"mae-headings.default\">\n\t\t\t\t<div class=\"elementor-widget-container\">\n\t\t\t\t\t<div class=\"master-heading\">\n\t        \n\t        \t        <h2 class=\"main-heading\">Como se fabrica o PVC?<\/h2>\n\t        \n\t        \t        <div class=\"divider\"><\/div>\n\t        \n\t        \t            <div class=\"sub-heading\">O PVC cont\u00e9m, em peso, 57% de cloro, obtido atrav\u00e9s da eletr\u00f3lise do sal marinho (um recurso natural inesgot\u00e1vel) e 43% de eteno, derivado do petr\u00f3leo.\n<br><br>\nPara a obten\u00e7\u00e3o do eteno, que representa apenas 43% desta resina, o \u00f3leo cru passa por uma destila\u00e7\u00e3o na qual \u00e9 obtida a nafta leve. O eteno \u00e9 gerado a partir do processo de craqueamento catal\u00edtico (quebra de mol\u00e9culas grandes em mol\u00e9culas menores com a a\u00e7\u00e3o de catalisadores para acelera\u00e7\u00e3o do processo) da nafta. Tanto o cloro como o eteno est\u00e3o na fase gasosa e da rea\u00e7\u00e3o dos dois \u00e9 produzido o DCE (dicloro etano).\n<br><br>\nA partir do DCE, obt\u00e9m-se o MVC (mon\u00f4mero cloreto de vinila). As mol\u00e9culas de MVC s\u00e3o submetidas ao processo de polimeriza\u00e7\u00e3o, ou seja, elas se ligam formando uma mol\u00e9cula muito maior (pol\u00edmero), conhecida como PVC (policloreto de vinila), que \u00e9 um p\u00f3 muito fino, de cor branca e totalmente inerte.\n<\/div>\n\t        \t    <\/div>\n\t    \t\t<\/div>\n\t\t\t\t<\/div>\n\t\t\t\t<div class=\"elementor-element elementor-element-16475fb align-center elementor-widget elementor-widget-mae-fancy-image\" data-id=\"16475fb\" data-element_type=\"widget\" data-widget_type=\"mae-fancy-image.default\">\n\t\t\t\t<div class=\"elementor-widget-container\">\n\t\t\t\n\t\t\t<div class=\"master-fancy-image reveal lr\" data-in-viewport=\"true\">\n\t\t\t\t<figure>\n\t\t\t\t\t<img decoding=\"async\" width=\"660\" height=\"288\" src=\"https:\/\/inbra.com.br\/wp-content\/uploads\/2022\/06\/img2.png\" class=\"attachment-full size-full wp-image-5886\" alt=\"\" srcset=\"https:\/\/inbra.com.br\/wp-content\/uploads\/2022\/06\/img2.png 660w, https:\/\/inbra.com.br\/wp-content\/uploads\/2022\/06\/img2-300x131.png 300w\" sizes=\"(max-width: 660px) 100vw, 660px\" \/>\t\t\t\t<\/figure>\n\n\t\t        \t\t\t<\/div>\n\n\t\t\t\t<\/div>\n\t\t\t\t<\/div>\n\t\t\t\t<div class=\"elementor-element elementor-element-811b804 elementor-widget elementor-widget-text-editor\" data-id=\"811b804\" data-element_type=\"widget\" data-widget_type=\"text-editor.default\">\n\t\t\t\t<div class=\"elementor-widget-container\">\n\t\t\t\t\t\t\t<p><strong>Figura:<\/strong> A fabrica\u00e7\u00e3o do PVC. Fonte: <a href=\"http:\/\/pvc.org.br\/o-que-e-pvc\/\">http:\/\/pvc.org.br\/o-que-e-pvc\/<\/a><\/p>\t\t\t\t\t\t<\/div>\n\t\t\t\t<\/div>\n\t\t\t\t<div class=\"elementor-element elementor-element-ee52bb0 elementor-widget elementor-widget-spacer\" data-id=\"ee52bb0\" data-element_type=\"widget\" data-widget_type=\"spacer.default\">\n\t\t\t\t<div class=\"elementor-widget-container\">\n\t\t\t\t\t<div class=\"elementor-spacer\">\n\t\t\t<div class=\"elementor-spacer-inner\"><\/div>\n\t\t<\/div>\n\t\t\t\t<\/div>\n\t\t\t\t<\/div>\n\t\t\t\t<div class=\"elementor-element elementor-element-e69a3c5 align-left elementor-widget elementor-widget-mae-headings\" data-id=\"e69a3c5\" data-element_type=\"widget\" data-widget_type=\"mae-headings.default\">\n\t\t\t\t<div class=\"elementor-widget-container\">\n\t\t\t\t\t<div class=\"master-heading\">\n\t        \n\t        \n\t        \n\t        \t            <div class=\"sub-heading\">A resina de PVC, na sua forma pura, p\u00f3s-fabrica\u00e7\u00e3o, \u00e9 um p\u00f3 branco que sozinho n\u00e3o tem nenhuma aplica\u00e7\u00e3o industrial, pois n\u00e3o \u00e9 process\u00e1vel devido \u00e0s suas caracter\u00edsticas f\u00edsicas e qu\u00edmicas. Para a fabrica\u00e7\u00e3o de produtos em PVC, \u00e9 necess\u00e1ria a adi\u00e7\u00e3o de produtos qu\u00edmicos (aditivos) \u00e0 resina de PVC. A esta mistura d\u00e1-se o nome de composto de PVC. A a\u00e7\u00e3o de misturar resina e aditivos \u00e9 chamada de formula\u00e7\u00e3o. O composto de PVC \u00e9, ent\u00e3o, inserido em m\u00e1quinas espec\u00edficas (a depender do produto a ser fabricado) como extrusoras, injetoras, sopradoras, etc. Onde ser\u00e3o transformados ou processados no produto desejado, como tubos, conex\u00f5es, frascos, etc.\n<br><br>\nO tipo de resina e os aditivos utilizados determinar\u00e3o as caracter\u00edsticas finais dos produtos em PVC, que podem se apresentar nas formas r\u00edgida ou flex\u00edvel, transparente ou opaco, dentre diversas outras caracter\u00edsticas.<\/div>\n\t        \t    <\/div>\n\t    \t\t<\/div>\n\t\t\t\t<\/div>\n\t\t\t\t\t<\/div>\n\t\t<\/div>\n\t\t\t\t\t<\/div>\n\t\t<\/section>\n\t\t\t\t<div class=\"elementor-element elementor-element-c39e6f9 elementor-widget elementor-widget-spacer\" data-id=\"c39e6f9\" data-element_type=\"widget\" data-widget_type=\"spacer.default\">\n\t\t\t\t<div class=\"elementor-widget-container\">\n\t\t\t\t\t<div class=\"elementor-spacer\">\n\t\t\t<div class=\"elementor-spacer-inner\"><\/div>\n\t\t<\/div>\n\t\t\t\t<\/div>\n\t\t\t\t<\/div>\n\t\t\t\t\t<\/div>\n\t\t<\/div>\n\t\t\t\t\t<\/div>\n\t\t<\/section>\n\t\t\t\t<section class=\"elementor-section elementor-top-section elementor-element elementor-element-4f4fa6c elementor-section-full_width elementor-section-height-default elementor-section-height-default\" data-id=\"4f4fa6c\" data-element_type=\"section\" data-settings=\"{&quot;background_background&quot;:&quot;classic&quot;}\">\n\t\t\t\t\t\t<div class=\"elementor-container elementor-column-gap-no\">\n\t\t\t\t\t<div class=\"elementor-column elementor-col-100 elementor-top-column elementor-element elementor-element-35987c7\" data-id=\"35987c7\" data-element_type=\"column\">\n\t\t\t<div class=\"elementor-widget-wrap elementor-element-populated\">\n\t\t\t\t\t\t<section class=\"elementor-section elementor-inner-section elementor-element elementor-element-a4c94bb elementor-section-content-middle elementor-section-boxed elementor-section-height-default elementor-section-height-default\" data-id=\"a4c94bb\" data-element_type=\"section\" data-settings=\"{&quot;background_background&quot;:&quot;classic&quot;}\">\n\t\t\t\t\t\t<div class=\"elementor-container elementor-column-gap-extended\">\n\t\t\t\t\t<div class=\"elementor-column elementor-col-100 elementor-inner-column elementor-element elementor-element-2fb4017\" data-id=\"2fb4017\" data-element_type=\"column\">\n\t\t\t<div class=\"elementor-widget-wrap elementor-element-populated\">\n\t\t\t\t\t\t<div class=\"elementor-element elementor-element-9a88002 elementor-widget elementor-widget-spacer\" data-id=\"9a88002\" data-element_type=\"widget\" data-widget_type=\"spacer.default\">\n\t\t\t\t<div class=\"elementor-widget-container\">\n\t\t\t\t\t<div class=\"elementor-spacer\">\n\t\t\t<div class=\"elementor-spacer-inner\"><\/div>\n\t\t<\/div>\n\t\t\t\t<\/div>\n\t\t\t\t<\/div>\n\t\t\t\t<div class=\"elementor-element elementor-element-2505932 align-left elementor-widget elementor-widget-mae-headings\" data-id=\"2505932\" data-element_type=\"widget\" data-widget_type=\"mae-headings.default\">\n\t\t\t\t<div class=\"elementor-widget-container\">\n\t\t\t\t\t<div class=\"master-heading\">\n\t        \n\t        \t        <h2 class=\"main-heading\">INBRA na cadeia produtiva do PVC<\/h2>\n\t        \n\t        \t        <div class=\"divider\"><\/div>\n\t        \n\t        \t            <div class=\"sub-heading\">Cadeia produtiva \u00e9 uma sucess\u00e3o de opera\u00e7\u00f5es, ao longo das quais os produtos dessas sofrem algum tipo de transforma\u00e7\u00e3o, at\u00e9 a forma\u00e7\u00e3o do produto final. Essas opera\u00e7\u00f5es s\u00e3o integradas, com diversas unidades interligadas, desde a extra\u00e7\u00e3o e manuseio da mat\u00e9ria-prima at\u00e9 a distribui\u00e7\u00e3o do produto.\n<br><br>\nO pl\u00e1stico, presente em mais de 95% da matriz industrial brasileira, \u00e9 um material essencial para diversas cadeias produtivas, sendo considerado indutor de inova\u00e7\u00e3o e ponto central na transi\u00e7\u00e3o do modelo de produ\u00e7\u00e3o linear para o modelo de economia circular.\n<br><br>\n<b>Pensando na capacidade de reutiliza\u00e7\u00e3o, reciclabilidade e remodelagem, o pl\u00e1stico tem clara sinergia com a economia circular. <\/b>\n<\/div>\n\t        \t    <\/div>\n\t    \t\t<\/div>\n\t\t\t\t<\/div>\n\t\t\t\t<div class=\"elementor-element elementor-element-a491ca3 align-center elementor-widget elementor-widget-mae-fancy-image\" data-id=\"a491ca3\" data-element_type=\"widget\" data-widget_type=\"mae-fancy-image.default\">\n\t\t\t\t<div class=\"elementor-widget-container\">\n\t\t\t\n\t\t\t<div class=\"master-fancy-image reveal lr\" data-in-viewport=\"true\">\n\t\t\t\t<figure>\n\t\t\t\t\t<img loading=\"lazy\" decoding=\"async\" width=\"3840\" height=\"1904\" src=\"https:\/\/inbra.com.br\/wp-content\/uploads\/2022\/06\/download-2.png\" class=\"attachment-full size-full wp-image-5891\" alt=\"\" srcset=\"https:\/\/inbra.com.br\/wp-content\/uploads\/2022\/06\/download-2.png 3840w, https:\/\/inbra.com.br\/wp-content\/uploads\/2022\/06\/download-2-300x149.png 300w, https:\/\/inbra.com.br\/wp-content\/uploads\/2022\/06\/download-2-1024x508.png 1024w, https:\/\/inbra.com.br\/wp-content\/uploads\/2022\/06\/download-2-768x381.png 768w, https:\/\/inbra.com.br\/wp-content\/uploads\/2022\/06\/download-2-1536x762.png 1536w, https:\/\/inbra.com.br\/wp-content\/uploads\/2022\/06\/download-2-2048x1015.png 2048w\" sizes=\"(max-width: 3840px) 100vw, 3840px\" \/>\t\t\t\t<\/figure>\n\n\t\t        \t\t\t<\/div>\n\n\t\t\t\t<\/div>\n\t\t\t\t<\/div>\n\t\t\t\t<div class=\"elementor-element elementor-element-358d25f elementor-widget elementor-widget-spacer\" data-id=\"358d25f\" data-element_type=\"widget\" data-widget_type=\"spacer.default\">\n\t\t\t\t<div class=\"elementor-widget-container\">\n\t\t\t\t\t<div class=\"elementor-spacer\">\n\t\t\t<div class=\"elementor-spacer-inner\"><\/div>\n\t\t<\/div>\n\t\t\t\t<\/div>\n\t\t\t\t<\/div>\n\t\t\t\t\t<\/div>\n\t\t<\/div>\n\t\t\t\t\t<\/div>\n\t\t<\/section>\n\t\t\t\t<section class=\"elementor-section elementor-inner-section elementor-element elementor-element-4379b3ef elementor-section-boxed elementor-section-height-default elementor-section-height-default\" data-id=\"4379b3ef\" data-element_type=\"section\" data-settings=\"{&quot;background_background&quot;:&quot;classic&quot;}\">\n\t\t\t\t\t\t<div class=\"elementor-container elementor-column-gap-default\">\n\t\t\t\t\t<div class=\"elementor-column elementor-col-100 elementor-inner-column elementor-element elementor-element-3f1d3c71\" data-id=\"3f1d3c71\" data-element_type=\"column\">\n\t\t\t<div class=\"elementor-widget-wrap elementor-element-populated\">\n\t\t\t\t\t\t<div class=\"elementor-element elementor-element-721be500 align-center elementor-widget elementor-widget-mae-headings\" data-id=\"721be500\" data-element_type=\"widget\" data-widget_type=\"mae-headings.default\">\n\t\t\t\t<div class=\"elementor-widget-container\">\n\t\t\t\t\t<div class=\"master-heading\">\n\t        \n\t        \n\t        \n\t        \t            <div class=\"sub-heading\">A INBRA tem orgulho de estar presente na cadeia produtiva do PVC fornecendo aditivos qu\u00edmicos para a fabrica\u00e7\u00e3o de compostos de PVC - mat\u00e9ria prima necess\u00e1ria para a fabrica\u00e7\u00e3o de qualquer produto pl\u00e1stico - buscando assegurar um futuro positivo para o PVC e contribuindo para um mundo mais sustent\u00e1vel.<\/div>\n\t        \t    <\/div>\n\t    \t\t<\/div>\n\t\t\t\t<\/div>\n\t\t\t\t\t<\/div>\n\t\t<\/div>\n\t\t\t\t\t<\/div>\n\t\t<\/section>\n\t\t\t\t\t<\/div>\n\t\t<\/div>\n\t\t\t\t\t<\/div>\n\t\t<\/section>\n\t\t\t\t<\/div>","protected":false},"excerpt":{"rendered":"<p>[:pt]Cadeia do PVC[:es] Cadeia do PVC O Policloreto de Vinila, mais conhecido como PVC, \u00e9 um dos materiais pl\u00e1sticos mais utilizados no mundo por diferentes setores da ind\u00fastria, influenciando diretamente a nossa qualidade de vida e contribuindo para um futuro mais sustent\u00e1vel. Entre as principais propriedades do PVC, destacam-se sua<\/p>","protected":false},"author":76,"featured_media":5325,"parent":0,"menu_order":0,"comment_status":"closed","ping_status":"closed","template":"","meta":{"footnotes":""},"class_list":["post-5865","page","type-page","status-publish","has-post-thumbnail","hentry"],"acf":[],"_links":{"self":[{"href":"https:\/\/inbra.com.br\/en\/wp-json\/wp\/v2\/pages\/5865","targetHints":{"allow":["GET"]}}],"collection":[{"href":"https:\/\/inbra.com.br\/en\/wp-json\/wp\/v2\/pages"}],"about":[{"href":"https:\/\/inbra.com.br\/en\/wp-json\/wp\/v2\/types\/page"}],"author":[{"embeddable":true,"href":"https:\/\/inbra.com.br\/en\/wp-json\/wp\/v2\/users\/76"}],"replies":[{"embeddable":true,"href":"https:\/\/inbra.com.br\/en\/wp-json\/wp\/v2\/comments?post=5865"}],"version-history":[{"count":0,"href":"https:\/\/inbra.com.br\/en\/wp-json\/wp\/v2\/pages\/5865\/revisions"}],"wp:featuredmedia":[{"embeddable":true,"href":"https:\/\/inbra.com.br\/en\/wp-json\/wp\/v2\/media\/5325"}],"wp:attachment":[{"href":"https:\/\/inbra.com.br\/en\/wp-json\/wp\/v2\/media?parent=5865"}],"curies":[{"name":"wp","href":"https:\/\/api.w.org\/{rel}","templated":true}]}}